{"id":8744,"date":"2020-01-15T13:51:18","date_gmt":"2020-01-15T11:51:18","guid":{"rendered":"http:\/\/soerenhese.de\/?page_id=8744"},"modified":"2022-11-01T20:40:38","modified_gmt":"2022-11-01T18:40:38","slug":"clients","status":"publish","type":"page","link":"https:\/\/www.sailpower.de\/?page_id=8744","title":{"rendered":"Clients"},"content":{"rendered":"<h2>Clients<\/h2>\n<p>In no specific order:<\/p>\n<p>Segelmacherei Faber&amp;M\u00fcnker, N\u00e4sij\u00e4rvi Sailing Club, Delius Klasing Verlag, ICA 2.4mR, 2.4CA France, YACHT, Freundeskreis Klassische Yachten, YACHT Classic, Layher GmbH, Gr\u00fcn Sailing, int505 KV, Drachen Geschwader Deutschland, Foiling Dinghy, Berliner Yacht Club e.V., \u00a0Float Magazin, Verein Seglerhaus am Wannsee e.V. (VSaW), Potsdamer Yacht Club e.V., Folkeboot KV, 29er KV Deutschland, Segeln, Segel Journal Verlag GmbH, \u00a0Dyas KV Deutschland, Sailing Journal, \u00a0Voiles et Voiliers, GOOSE, Spandauer Yacht-Club e.V., \u00a0Akademischer Segler Vereinigung e.V., Segelvereinigung 1903 e.V., Diagnostikum Berlin, Finn KV, VEDA GmbH, Mischka GmbH, Wings GmbH, Pehnert &amp; Hoffmann GmbH, HRCK Holding, Sailing Point Bauer, Koenig Sails, CS Segel, Deutsche FD KV, Glas Bootsbau, Roche Diagnostics, ebh marketing GmbH, Seacamper, Suter Dental GmbH, Nintamed GmbH, Rudorf Concept, KNSK Werbeagentur, Yachtwerft Paulsen, Beilken Sails GmbH, Deutscher Boots- und Schiffbauerverband, Yacht- und Bootswerft Josef Martin, DYAS KV, Deutscher Seglerverband, Prachst\u00fcck-Swimwear, Schultz-Segel GmbH, Landessport Bund Bremen e.V., Deutscher Segler-Club e.V., Kieler Nachrichten, Berliner Morgenpost, Tagesspiegel, Swedesail, \u00a0netzleuchten GmbH, Haubold Yachting GmbH, ATN Allgemeine Treuhand Nord.<\/p>\n\n\n<p><\/p>\n","protected":false},"excerpt":{"rendered":"<p>Clients In no specific order: Segelmacherei Faber&amp;M\u00fcnker, N\u00e4sij\u00e4rvi Sailing Club, Delius Klasing Verlag, ICA 2.4mR, 2.4CA France, YACHT, Freundeskreis Klassische Yachten, YACHT Classic, Layher GmbH, Gr\u00fcn Sailing, int505 KV, Drachen Geschwader Deutschland, Foiling Dinghy, Berliner Yacht Club e.V., \u00a0Float Magazin, Verein Seglerhaus am Wannsee e.V. (VSaW), Potsdamer Yacht Club e.V., Folkeboot KV, 29er KV Deutschland, Segeln, Segel Journal Verlag GmbH,&#46;&#46;&#46;<\/p>\n","protected":false},"author":3,"featured_media":0,"parent":0,"menu_order":7,"comment_status":"closed","ping_status":"closed","template":"","meta":{"footnotes":""},"class_list":["post-8744","page","type-page","status-publish","hentry"],"_links":{"self":[{"href":"https:\/\/www.sailpower.de\/index.php?rest_route=\/wp\/v2\/pages\/8744","targetHints":{"allow":["GET"]}}],"collection":[{"href":"https:\/\/www.sailpower.de\/index.php?rest_route=\/wp\/v2\/pages"}],"about":[{"href":"https:\/\/www.sailpower.de\/index.php?rest_route=\/wp\/v2\/types\/page"}],"author":[{"embeddable":true,"href":"https:\/\/www.sailpower.de\/index.php?rest_route=\/wp\/v2\/users\/3"}],"replies":[{"embeddable":true,"href":"https:\/\/www.sailpower.de\/index.php?rest_route=%2Fwp%2Fv2%2Fcomments&post=8744"}],"version-history":[{"count":20,"href":"https:\/\/www.sailpower.de\/index.php?rest_route=\/wp\/v2\/pages\/8744\/revisions"}],"predecessor-version":[{"id":11291,"href":"https:\/\/www.sailpower.de\/index.php?rest_route=\/wp\/v2\/pages\/8744\/revisions\/11291"}],"wp:attachment":[{"href":"https:\/\/www.sailpower.de\/index.php?rest_route=%2Fwp%2Fv2%2Fmedia&parent=8744"}],"curies":[{"name":"wp","href":"https:\/\/api.w.org\/{rel}","templated":true}]}}