{"id":7284,"date":"2018-04-27T13:42:18","date_gmt":"2018-04-27T11:42:18","guid":{"rendered":"http:\/\/soerenhese.de\/sailpower-blog\/?page_id=7284"},"modified":"2022-10-29T13:33:40","modified_gmt":"2022-10-29T11:33:40","slug":"classic-sailing-kalender-2018","status":"publish","type":"page","link":"https:\/\/www.sailpower.de\/?page_id=7284","title":{"rendered":"Classic Sailing 2023 Calendar"},"content":{"rendered":"\n<h2 class=\"wp-block-heading\">Classic Sailing 2023 &#8211; vor historischen Schl\u00f6ssern und Parks &#8211; Berlin&amp;Potsdam &#8211; der neue Kalender f\u00fcr 23!<\/h2>\n\n\n\n<figure class=\"wp-block-image size-large\"><a href=\"https:\/\/www.sailpower.de\/wp-content\/uploads\/2022\/09\/220923_Segel-Kalender2023_Seite_01-1.jpg\"><img loading=\"lazy\" decoding=\"async\" width=\"1024\" height=\"724\" src=\"https:\/\/www.sailpower.de\/wp-content\/uploads\/2022\/09\/220923_Segel-Kalender2023_Seite_01-1.jpg\" alt=\"\" class=\"wp-image-11134\" srcset=\"https:\/\/www.sailpower.de\/wp-content\/uploads\/2022\/09\/220923_Segel-Kalender2023_Seite_01-1.jpg 1024w, https:\/\/www.sailpower.de\/wp-content\/uploads\/2022\/09\/220923_Segel-Kalender2023_Seite_01-1-300x212.jpg 300w, https:\/\/www.sailpower.de\/wp-content\/uploads\/2022\/09\/220923_Segel-Kalender2023_Seite_01-1-768x543.jpg 768w\" sizes=\"auto, (max-width: 1024px) 100vw, 1024px\" \/><\/a><\/figure>\n\n\n\n<p><strong>UPDATE 27.10.22: <\/strong>Kalendervorbestellungen f\u00fcr 2023 jetzt im Versand: alle Kalender Vorbestellungen sind derzeit bereits im Versand und sollten in den n\u00e4chsten Tagen per DHL eintreffen. Damit ist fast die H\u00e4lfte der Auflage bereits im Oktober in den Versand gegangen! Versand erfolgt wieder in Folien- und Pressel Kalendertaschen, welche wiederum gut gesch\u00fctzt in ColomPac Versandtaschen stecken. <\/p>\n\n\n\n<figure class=\"wp-block-image size-large\"><a href=\"https:\/\/www.sailpower.de\/wp-content\/uploads\/2022\/10\/SMH-BCS23-20221016-6093285-5079-1.jpg\"><img loading=\"lazy\" decoding=\"async\" width=\"1024\" height=\"683\" src=\"https:\/\/www.sailpower.de\/wp-content\/uploads\/2022\/10\/SMH-BCS23-20221016-6093285-5079-1-1024x683.jpg\" alt=\"\" class=\"wp-image-11280\" srcset=\"https:\/\/www.sailpower.de\/wp-content\/uploads\/2022\/10\/SMH-BCS23-20221016-6093285-5079-1-1024x683.jpg 1024w, https:\/\/www.sailpower.de\/wp-content\/uploads\/2022\/10\/SMH-BCS23-20221016-6093285-5079-1-300x200.jpg 300w, https:\/\/www.sailpower.de\/wp-content\/uploads\/2022\/10\/SMH-BCS23-20221016-6093285-5079-1-768x512.jpg 768w, https:\/\/www.sailpower.de\/wp-content\/uploads\/2022\/10\/SMH-BCS23-20221016-6093285-5079-1.jpg 1400w\" sizes=\"auto, (max-width: 1024px) 100vw, 1024px\" \/><\/a><\/figure>\n\n\n\n<p><span class=\"has-inline-color has-vivid-red-color\"><strong>UPDATE:<\/strong> ab einer Auflage von 10 St\u00fcck ist auch die Editions-Bestellung eines Klassiker Kalenders mit eigener Motivauswahl m\u00f6glich &#8211; maximal 3 neue Bilder. Auswahl aus dem kompletten Bilderarchiv auf <a rel=\"noreferrer noopener\" href=\"http:\/\/soeren.zenfolio.com\/\" target=\"_blank\">http:\/\/soeren.zenfolio.com\/<\/a> m\u00f6glich  (2 Wochen Produktionszeit).<\/span><\/p>\n\n\n\n<p><strong>Der neue Kalender f\u00fcr 2023 ist am Start. <\/strong>Diesmal mit regionalem Bezug &#8211; Schwerpunkt Berlin&amp;Potsdam. Fokus ist der historische Rahmen durch die vielen Havel Schl\u00f6sser, Parks und historischen G\u00e4rten zwischen Grunewaldturm und Babelsberg bzw. Cecilienhof. Entsprechend ist die Bildauswahl diesmal konzentriert auf Motive von den gro\u00dfen Klassiker Havelregatten: &#8220;Havel Klassik, &#8220;Edelholz&#8221;, &#8220;Kaiserpokal&#8221; und Bildern von den 22er German Open Veranstaltungen. F\u00fcr eine Kalenderseitenvorschau an das Ende der Seite scrollen. <\/p>\n\n\n\n<p><strong>Dieser Kalender<\/strong> wird erstmals ausschlie\u00dflich mit Motiven von Regattaevents auf der Havel best\u00fcckt sein. Die Kombination von klassischen Yachten und historischen Geb\u00e4uden bzw. historischer Landschaftsarchitektur hat mich schon bei meiner ersten Havel Klassik begeistert. Es kommt an der Havel einfach zusammen, was zusammen geh\u00f6rt und im Gegensatz zu Regatten auf der Ostsee ist die Gestaltung mit Hintergrundobjekten vielseitiger, spannender und auch anspruchsvoller in der Konzeption von Bildideen. Hier ist viel Raum f\u00fcr kreative Ideen und Experimente &#8211; stark dominiert von den m\u00f6glichen Sichtachsen und den denkbaren Positionen, aus denen man bestimmte Staffelungen von Motivelementen in der Tiefe erreichen kann. Durch die vielen historischen Geb\u00e4ude an der Havel lassen sich unz\u00e4hlige Perspektiv-Linien ziehen. In der Praxis ist es dann allerdings schlichtweg unm\u00f6glich, sich rechtzeitig auf all diesen Perspektivlinien zu positionieren, um den entscheidenden Moment zu erwischen. Das Ganze gleicht einem komplexen Optimierungsproblem, bei dem Yachtgeschwindigkeiten, Licht und Wind konstant variierende Variablen sind. Wie kann man m\u00f6glichst oft die bekannten oder Bootsbau-geschichtlich relevanten Yachten in den m\u00f6glichen Zeitfenstern in einen interessanten (landschafts-)architektonischen Kontext stellen. Da das Regattafeld sich aufgrund der sehr unterschiedlichen Geschwindigkeiten der Yachten sehr schnell auseinander zieht, muss man oft Priorit\u00e4ten setzen, um bestimmte Motivkombinationen zu realisieren.  Zusammen mit der schnellen Entwicklung sehr kompakter kleiner Drohnen sind viele neue Motivideen bei der Regattafotografie entstanden.  <\/p>\n\n\n\n<p>Viel Spass mit diesem Kalender, erh\u00e4ltlich ab Mitte Oktober bei den gro\u00dfen Segelclubs am Wannsee in Berlin direkt zum Mitnehmen oder auch per Versand \u00fcber die Email-Bestellung an <a rel=\"noreferrer noopener\" href=\"mailto:info@soerenhese.de\" target=\"_blank\">info@soerenhese.de<\/a>.      <\/p>\n\n\n\n<p><\/p>\n\n\n\n<p>   <\/p>\n\n\n\n<h1 class=\"wp-block-heading\">Classic Sailing 2023 &#8211; vor historischen Schl\u00f6ssern und Parks &#8211; Berlin&amp;Potsdam &#8211; der neue Kalender f\u00fcr 23!<\/h1>\n\n\n\n<h3 class=\"wp-block-heading\">Im DIN A2 Format!<\/h3>\n\n\n\n<p><\/p>\n\n\n\n<p>Der 2023er Klassiker Segel-Kalender kommt, limitierte Auflage in 300g Papier-Qualit\u00e4t mit ausgew\u00e4hlten Bildern der Klassiker Segelevents in Berlin-Potsdam mit Bezug zu den historischen Schl\u00f6ssern und G\u00e4rten an der Havel. &nbsp;<em>Ein Klassiker Kalender mit lokalem Spirit<\/em> &#8211; 14 Seiten auf 300g Papier <strong>in A2 Format<\/strong>, dezent &amp; edel gestaltetes dunkles Kalendarium (mit Bildinformationen und \u201eMakingOf&#8221;) in mattem Finish f\u00fcr 39 \u20ac + Versandkosten (6,90 \u20ac). In Folie verpackt und Versand in stabilem Karton. Ein perfektes, wertiges Geschenk. Bei Bestellung von 3 Kalendern auch versandkostenfrei.<\/p>\n\n\n\n<p>Abholung f\u00fcr Berliner\/Potsdamer ebenfalls m\u00f6glich &#8211; oder wer gerade in der Gegend ist ;). <strong>Vorbestellungen per Email ab sofort an <a href=\"mailto:info@soerenhese.de\">info@soerenhese.de<\/a><\/strong>.<\/p>\n\n\n\n<p>Nat\u00fcrlich :) wieder in Zusammenarbeit mit:<\/p>\n\n\n\n<div class=\"wp-block-image\"><figure class=\"aligncenter\"><a rel=\"nofollow\" rel=\"nofollow\" rel=\"nofollow\" rel=\"nofollow\" href=\"http:\/\/soerenhese.de\/sailpower-blog\/wp-content\/uploads\/2017\/11\/Logo_ingatomann1.jpg\"><img loading=\"lazy\" decoding=\"async\" width=\"173\" height=\"99\" src=\"http:\/\/soerenhese.de\/sailpower-blog\/wp-content\/uploads\/2017\/11\/Logo_ingatomann1.jpg\" alt=\"https:\/\/www.ingatomann.de\" class=\"wp-image-6987\"\/><\/a><\/figure><\/div>\n\n\n\n<p>Beispiele des aufw\u00e4ndig gelayouteten Kalendariums (<a rel=\"nofollow\" rel=\"nofollow\" rel=\"nofollow\" rel=\"nofollow\" href=\"http:\/\/www.ingatomann.de\">inga&nbsp;tomann kommunikationsdesign<\/a> Berlin):<\/p>\n\n\n\n<p>Kalendarium inklusive der Kalenderwochen, aller Feiertage der Bundesl\u00e4nder und der Mondphasen:&nbsp;<\/p>\n\n\n\n<div class=\"wp-block-image\"><figure class=\"aligncenter\"><a href=\"https:\/\/www.sailpower.de\/wp-content\/uploads\/2020\/10\/linksb\u00fcndig-kalendarium-e1602094336969.jpg\"><img loading=\"lazy\" decoding=\"async\" width=\"865\" height=\"114\" src=\"https:\/\/www.sailpower.de\/wp-content\/uploads\/2020\/10\/linksb\u00fcndig-kalendarium-e1602094336969.jpg\" alt=\"\" class=\"wp-image-10239\" srcset=\"https:\/\/www.sailpower.de\/wp-content\/uploads\/2020\/10\/linksb\u00fcndig-kalendarium-e1602094336969.jpg 865w, https:\/\/www.sailpower.de\/wp-content\/uploads\/2020\/10\/linksb\u00fcndig-kalendarium-e1602094336969-300x40.jpg 300w, https:\/\/www.sailpower.de\/wp-content\/uploads\/2020\/10\/linksb\u00fcndig-kalendarium-e1602094336969-768x101.jpg 768w\" sizes=\"auto, (max-width: 865px) 100vw, 865px\" \/><\/a><\/figure><\/div>\n\n\n\n<div class=\"wp-block-image\"><figure class=\"aligncenter\"><img loading=\"lazy\" decoding=\"async\" width=\"564\" height=\"170\" src=\"http:\/\/soerenhese.de\/wp-content\/uploads\/2018\/10\/Kalendarium3.jpg\" alt=\"\" class=\"wp-image-8169\" srcset=\"https:\/\/www.sailpower.de\/wp-content\/uploads\/2018\/10\/Kalendarium3.jpg 564w, https:\/\/www.sailpower.de\/wp-content\/uploads\/2018\/10\/Kalendarium3-300x90.jpg 300w\" sizes=\"auto, (max-width: 564px) 100vw, 564px\" \/><\/figure><\/div>\n\n\n\n<p>Beispiel Kalenderblatt mit neutral eingefasstem Bildfeld und abget\u00f6nten Kalendariumselementen. Aufl\u00f6sung des Bildfeldes ist hier als Demo-Abbildung stark reduziert.<\/p>\n\n\n\n<p>Letzte Seite (Seite 14): Legende zum Kalendarium auf einer Bonusseite unter einem &#8220;Making Of&#8221;-Text mit Hintergrundinfos zu den Fotos und Aufnahmetechniken.<\/p>\n\n\n\n<p>Bestellung per Email an <a href=\"mailto:info@soerenhese.de\">info@soerenhese.de<\/a>, Komplette Seitenvorschau hier online:<\/p>\n\n\n\n<div class=\"wp-block-jetpack-tiled-gallery aligncenter is-style-rectangular\"><div class=\"tiled-gallery__gallery\"><div class=\"tiled-gallery__row\"><div class=\"tiled-gallery__col\" style=\"flex-basis:66.78054%\"><figure class=\"tiled-gallery__item\"><img decoding=\"async\" alt=\"\" data-height=\"724\" data-id=\"11134\" data-link=\"https:\/\/www.sailpower.de\/?attachment_id=11134\" data-url=\"https:\/\/www.sailpower.de\/wp-content\/uploads\/2022\/09\/220923_Segel-Kalender2023_Seite_01-1.jpg\" data-width=\"1024\" src=\"https:\/\/i1.wp.com\/www.sailpower.de\/wp-content\/uploads\/2022\/09\/220923_Segel-Kalender2023_Seite_01-1.jpg?ssl=1\" data-amp-layout=\"responsive\"\/><\/figure><\/div><div class=\"tiled-gallery__col\" style=\"flex-basis:33.21946%\"><figure class=\"tiled-gallery__item\"><img decoding=\"async\" alt=\"\" data-height=\"724\" data-id=\"11136\" data-link=\"https:\/\/www.sailpower.de\/?attachment_id=11136\" data-url=\"https:\/\/www.sailpower.de\/wp-content\/uploads\/2022\/09\/220923_Segel-Kalender2023_Seite_03-1.jpg\" data-width=\"1024\" src=\"https:\/\/i1.wp.com\/www.sailpower.de\/wp-content\/uploads\/2022\/09\/220923_Segel-Kalender2023_Seite_03-1.jpg?ssl=1\" data-amp-layout=\"responsive\"\/><\/figure><figure class=\"tiled-gallery__item\"><img decoding=\"async\" alt=\"\" data-height=\"724\" data-id=\"11139\" data-link=\"https:\/\/www.sailpower.de\/?attachment_id=11139\" data-url=\"https:\/\/www.sailpower.de\/wp-content\/uploads\/2022\/09\/220923_Segel-Kalender2023_Seite_06-1.jpg\" data-width=\"1024\" src=\"https:\/\/i1.wp.com\/www.sailpower.de\/wp-content\/uploads\/2022\/09\/220923_Segel-Kalender2023_Seite_06-1.jpg?ssl=1\" data-amp-layout=\"responsive\"\/><\/figure><\/div><\/div><div class=\"tiled-gallery__row\"><div class=\"tiled-gallery__col\" style=\"flex-basis:33.33333%\"><figure class=\"tiled-gallery__item\"><img decoding=\"async\" alt=\"\" data-height=\"724\" data-id=\"11140\" data-link=\"https:\/\/www.sailpower.de\/?attachment_id=11140\" data-url=\"https:\/\/www.sailpower.de\/wp-content\/uploads\/2022\/09\/220923_Segel-Kalender2023_Seite_07-1.jpg\" data-width=\"1024\" src=\"https:\/\/i2.wp.com\/www.sailpower.de\/wp-content\/uploads\/2022\/09\/220923_Segel-Kalender2023_Seite_07-1.jpg?ssl=1\" data-amp-layout=\"responsive\"\/><\/figure><\/div><div class=\"tiled-gallery__col\" style=\"flex-basis:33.33333%\"><figure class=\"tiled-gallery__item\"><img decoding=\"async\" alt=\"\" data-height=\"724\" data-id=\"11138\" data-link=\"https:\/\/www.sailpower.de\/?attachment_id=11138\" data-url=\"https:\/\/www.sailpower.de\/wp-content\/uploads\/2022\/09\/220923_Segel-Kalender2023_Seite_05-1.jpg\" data-width=\"1024\" src=\"https:\/\/i1.wp.com\/www.sailpower.de\/wp-content\/uploads\/2022\/09\/220923_Segel-Kalender2023_Seite_05-1.jpg?ssl=1\" data-amp-layout=\"responsive\"\/><\/figure><\/div><div class=\"tiled-gallery__col\" style=\"flex-basis:33.33333%\"><figure class=\"tiled-gallery__item\"><img decoding=\"async\" alt=\"\" data-height=\"724\" data-id=\"11137\" data-link=\"https:\/\/www.sailpower.de\/?attachment_id=11137\" data-url=\"https:\/\/www.sailpower.de\/wp-content\/uploads\/2022\/09\/220923_Segel-Kalender2023_Seite_04-1.jpg\" data-width=\"1024\" src=\"https:\/\/i2.wp.com\/www.sailpower.de\/wp-content\/uploads\/2022\/09\/220923_Segel-Kalender2023_Seite_04-1.jpg?ssl=1\" data-amp-layout=\"responsive\"\/><\/figure><\/div><\/div><div class=\"tiled-gallery__row\"><div class=\"tiled-gallery__col\" style=\"flex-basis:33.21946%\"><figure class=\"tiled-gallery__item\"><img decoding=\"async\" alt=\"\" data-height=\"724\" data-id=\"11141\" data-link=\"https:\/\/www.sailpower.de\/?attachment_id=11141\" data-url=\"https:\/\/www.sailpower.de\/wp-content\/uploads\/2022\/09\/220923_Segel-Kalender2023_Seite_08-1.jpg\" data-width=\"1024\" src=\"https:\/\/i1.wp.com\/www.sailpower.de\/wp-content\/uploads\/2022\/09\/220923_Segel-Kalender2023_Seite_08-1.jpg?ssl=1\" data-amp-layout=\"responsive\"\/><\/figure><figure class=\"tiled-gallery__item\"><img decoding=\"async\" alt=\"\" data-height=\"724\" data-id=\"11135\" data-link=\"https:\/\/www.sailpower.de\/?attachment_id=11135\" data-url=\"https:\/\/www.sailpower.de\/wp-content\/uploads\/2022\/09\/220923_Segel-Kalender2023_Seite_02-1.jpg\" data-width=\"1024\" src=\"https:\/\/i2.wp.com\/www.sailpower.de\/wp-content\/uploads\/2022\/09\/220923_Segel-Kalender2023_Seite_02-1.jpg?ssl=1\" data-amp-layout=\"responsive\"\/><\/figure><\/div><div class=\"tiled-gallery__col\" style=\"flex-basis:66.78054%\"><figure class=\"tiled-gallery__item\"><img decoding=\"async\" alt=\"\" data-height=\"724\" data-id=\"11131\" data-link=\"https:\/\/www.sailpower.de\/?attachment_id=11131\" data-url=\"https:\/\/www.sailpower.de\/wp-content\/uploads\/2022\/09\/220923_Segel-Kalender2023_Seite_12.jpg\" data-width=\"1024\" src=\"https:\/\/i1.wp.com\/www.sailpower.de\/wp-content\/uploads\/2022\/09\/220923_Segel-Kalender2023_Seite_12.jpg?ssl=1\" data-amp-layout=\"responsive\"\/><\/figure><\/div><\/div><div class=\"tiled-gallery__row\"><div class=\"tiled-gallery__col\" style=\"flex-basis:50.00000%\"><figure class=\"tiled-gallery__item\"><img decoding=\"async\" alt=\"\" data-height=\"724\" data-id=\"11128\" data-link=\"https:\/\/www.sailpower.de\/?attachment_id=11128\" data-url=\"https:\/\/www.sailpower.de\/wp-content\/uploads\/2022\/09\/220923_Segel-Kalender2023_Seite_09.jpg\" data-width=\"1024\" src=\"https:\/\/i0.wp.com\/www.sailpower.de\/wp-content\/uploads\/2022\/09\/220923_Segel-Kalender2023_Seite_09.jpg?ssl=1\" data-amp-layout=\"responsive\"\/><\/figure><\/div><div class=\"tiled-gallery__col\" style=\"flex-basis:50.00000%\"><figure class=\"tiled-gallery__item\"><img decoding=\"async\" alt=\"\" data-height=\"724\" data-id=\"11129\" data-link=\"https:\/\/www.sailpower.de\/?attachment_id=11129\" data-url=\"https:\/\/www.sailpower.de\/wp-content\/uploads\/2022\/09\/220923_Segel-Kalender2023_Seite_10.jpg\" data-width=\"1024\" src=\"https:\/\/i2.wp.com\/www.sailpower.de\/wp-content\/uploads\/2022\/09\/220923_Segel-Kalender2023_Seite_10.jpg?ssl=1\" data-amp-layout=\"responsive\"\/><\/figure><\/div><\/div><div class=\"tiled-gallery__row\"><div class=\"tiled-gallery__col\" style=\"flex-basis:66.78054%\"><figure class=\"tiled-gallery__item\"><img decoding=\"async\" alt=\"\" data-height=\"724\" data-id=\"11130\" data-link=\"https:\/\/www.sailpower.de\/?attachment_id=11130\" data-url=\"https:\/\/www.sailpower.de\/wp-content\/uploads\/2022\/09\/220923_Segel-Kalender2023_Seite_11.jpg\" data-width=\"1024\" src=\"https:\/\/i1.wp.com\/www.sailpower.de\/wp-content\/uploads\/2022\/09\/220923_Segel-Kalender2023_Seite_11.jpg?ssl=1\" data-amp-layout=\"responsive\"\/><\/figure><\/div><div class=\"tiled-gallery__col\" style=\"flex-basis:33.21946%\"><figure class=\"tiled-gallery__item\"><img decoding=\"async\" alt=\"\" data-height=\"724\" data-id=\"11132\" data-link=\"https:\/\/www.sailpower.de\/?attachment_id=11132\" data-url=\"https:\/\/www.sailpower.de\/wp-content\/uploads\/2022\/09\/220923_Segel-Kalender2023_Seite_13.jpg\" data-width=\"1024\" src=\"https:\/\/i2.wp.com\/www.sailpower.de\/wp-content\/uploads\/2022\/09\/220923_Segel-Kalender2023_Seite_13.jpg?ssl=1\" data-amp-layout=\"responsive\"\/><\/figure><figure class=\"tiled-gallery__item\"><img decoding=\"async\" alt=\"\" data-height=\"724\" data-id=\"11133\" data-link=\"https:\/\/www.sailpower.de\/?attachment_id=11133\" data-url=\"https:\/\/www.sailpower.de\/wp-content\/uploads\/2022\/09\/220923_Segel-Kalender2023_Seite_14.jpg\" data-width=\"1024\" src=\"https:\/\/i0.wp.com\/www.sailpower.de\/wp-content\/uploads\/2022\/09\/220923_Segel-Kalender2023_Seite_14.jpg?ssl=1\" data-amp-layout=\"responsive\"\/><\/figure><\/div><\/div><\/div><\/div>\n\n\n\n<p>Yachten im 2023 Kalender (chronologische Reihenfolge): <\/p>\n\n\n\n<p>45er Nationaler Kreuzer SALAMANDER VI P97<br>L-Boot ALDEBARAN 165<br>22er Sch\u00e4renkreuzer CORONA GER109<br>22er Sch\u00e4renkreuzer SO LONG SUI265<br>Folkeboot FRIEDA GER340<br>Hansa-Jolle SAUSEBRAUS G83<br>22er Sch\u00e4renkreuzer S\u00c4RIMNER SWE 378<br>15KR Seekeuzer PROSIT IV<br>22er Sch\u00e4renkreuzer RUSH S213<br>W-Klasse EVA W2<br>Royal Louise (Miniaturfregatte)<br>55er Sch\u00e4renkreuzer LA LIBERTE S42<br>40er Sch\u00e4renkreuzer WHITE LADY G12<br>20er Jollenkreuzer ICEMAN R83<br>H-Jolle TEUFELCHEN 189<\/p>\n","protected":false},"excerpt":{"rendered":"<p>Classic Sailing 2023 &#8211; vor historischen Schl\u00f6ssern und Parks &#8211; Berlin&amp;Potsdam &#8211; der neue Kalender f\u00fcr 23! UPDATE 27.10.22: Kalendervorbestellungen f\u00fcr 2023 jetzt im Versand: alle Kalender Vorbestellungen sind derzeit bereits im Versand und sollten in den n\u00e4chsten Tagen per DHL eintreffen. Damit ist fast die H\u00e4lfte der Auflage bereits im Oktober in den Versand gegangen! Versand erfolgt wieder in&#46;&#46;&#46;<\/p>\n","protected":false},"author":3,"featured_media":11134,"parent":0,"menu_order":4,"comment_status":"closed","ping_status":"closed","template":"","meta":{"footnotes":""},"class_list":["post-7284","page","type-page","status-publish","has-post-thumbnail","hentry"],"_links":{"self":[{"href":"https:\/\/www.sailpower.de\/index.php?rest_route=\/wp\/v2\/pages\/7284","targetHints":{"allow":["GET"]}}],"collection":[{"href":"https:\/\/www.sailpower.de\/index.php?rest_route=\/wp\/v2\/pages"}],"about":[{"href":"https:\/\/www.sailpower.de\/index.php?rest_route=\/wp\/v2\/types\/page"}],"author":[{"embeddable":true,"href":"https:\/\/www.sailpower.de\/index.php?rest_route=\/wp\/v2\/users\/3"}],"replies":[{"embeddable":true,"href":"https:\/\/www.sailpower.de\/index.php?rest_route=%2Fwp%2Fv2%2Fcomments&post=7284"}],"version-history":[{"count":89,"href":"https:\/\/www.sailpower.de\/index.php?rest_route=\/wp\/v2\/pages\/7284\/revisions"}],"predecessor-version":[{"id":11288,"href":"https:\/\/www.sailpower.de\/index.php?rest_route=\/wp\/v2\/pages\/7284\/revisions\/11288"}],"wp:featuredmedia":[{"embeddable":true,"href":"https:\/\/www.sailpower.de\/index.php?rest_route=\/wp\/v2\/media\/11134"}],"wp:attachment":[{"href":"https:\/\/www.sailpower.de\/index.php?rest_route=%2Fwp%2Fv2%2Fmedia&parent=7284"}],"curies":[{"name":"wp","href":"https:\/\/api.w.org\/{rel}","templated":true}]}}