{"id":5978,"date":"2016-12-21T22:35:05","date_gmt":"2016-12-21T20:35:05","guid":{"rendered":"http:\/\/soerenhese.de\/sailpower-blog\/?page_id=5978"},"modified":"2018-04-28T13:39:09","modified_gmt":"2018-04-28T11:39:09","slug":"versus-nikon-d810","status":"publish","type":"page","link":"https:\/\/www.sailpower.de\/?page_id=5978","title":{"rendered":"versus Nikon D8(1)0"},"content":{"rendered":"<h1>D810 vers D800 &#8211; 35MP<\/h1>\n<div><\/div>\n<div style=\"text-align: justify;\">Zweite D800 vor einer Woche eingetrudelt. Um etwas flexibler zu werden, hatte ich mal eine zweite D800 geordert. Im Prinzip greife ich nur noch zur D800 und meine D3 ist eigentlich das Backup geworden. Der Unterschied im Post ist enorm.<\/div>\n<div style=\"text-align: center;\">*<\/div>\n<div style=\"text-align: justify;\"><a href=\"http:\/\/soerenhese.de\/sailpower-blog\/wp-content\/uploads\/2015\/06\/D800.png\"><img loading=\"lazy\" decoding=\"async\" class=\"aligncenter size-full wp-image-3842\" src=\"http:\/\/soerenhese.de\/sailpower-blog\/wp-content\/uploads\/2015\/06\/D800.png\" alt=\"D800\" width=\"510\" height=\"312\" srcset=\"https:\/\/www.sailpower.de\/wp-content\/uploads\/2015\/06\/D800.png 510w, https:\/\/www.sailpower.de\/wp-content\/uploads\/2015\/06\/D800-300x183.png 300w\" sizes=\"auto, (max-width: 510px) 100vw, 510px\" \/><\/a><\/div>\n<div style=\"text-align: justify;\"><\/div>\n<div style=\"text-align: center;\">*<\/div>\n<div style=\"text-align: justify;\">Bei den aktuellen Preisen f\u00fcr neuwertige D800 Bodys ist diese Kamera ein absoluter \u201eNo-Brainer\u201c. Der Geschwindigkeitszuwachs der D810 ist zwar sp\u00fcrbar und nice to have, insbesondere der gr\u00f6\u00dfere Speicher-Puffer der D810 und das etwas bessere AF-System sind angenehm. Eigentlich ist die D800 jedoch ein \u00a0derartig gelungener Wurf von Nikon gewesen, dass der aktuelle Premium Preis der D810 sich nicht wirklich in realisierbarer Bildqualit\u00e4t niederschl\u00e4gt m.E.. \u00a0Die D800 ist einfach DER Allrounder. Mit der D810 hat Nikon die Kamera nochmal einen Tick besser gemacht &#8211; thats it. Der D810 Sensor hat aber praktisch die gleiche \u201eDynamic Range\u201c, die gleiche ISO-Leistung und d\u00fcrfte unter optimalen Bedingungen nur etwas sch\u00e4rfer aufnehmen, da der Lowpass Filter fehlt. Fand den Unterschied zur D800e aber schon damals eher zu vernachl\u00e4ssigen. Einen Unterschied macht die Kamera unter Umst\u00e4nden bei Sport\/Wildlife Fotografen, die Geschwindigkeit um jeden Preis brauchen. F\u00fcr die w\u00e4re jedoch auch die D4s wohl die bessere Wahl, da die Anhebung von 4 auf 5fps keinen umhaut, im DX Crop gehts von 6 auf 7fps &#8211; ist sicher schon recht schnell, aber der DX crop ist eher etwas f\u00fcr die Wildlife Leute. Ich nutze den nur selten.<\/div>\n<div style=\"text-align: justify;\"><!--more--><\/div>\n<div style=\"text-align: justify;\">Die 8fps der D700 mit MB-D10 sind das aber schlichtweg nicht. Nikon hat immer noch keinen Nachfolger f\u00fcr diese Kamera Legende geschaffen. Die beiden D800 Kameras sind im Prinzip bei mir identisch eingestellt, allerdings hat eine den Aquatech-Arca-Adapter fest installiert und die Andere den MB-D12 angeschraubt, der d\u00e4mliche Klappblitz ist festgetaped, die Kameras nehmen 14Bit RAWs auf (verlustfrei komprimiert) . ISO ist auf den Daumen gelegt und die Blende auf den Zeigefinger, damit ist man extrem schnell, wenn die ISOs rauf m\u00fcssen. \u00a0Der Rest ist einfach eingestellt. Auf dem Mittelfinger ist der 20&#215;30 Crop eingestellt (Funktionstaste) und der AF-Modus ist der schlicht 51-Felder mit 3D Messung. Damit kann man auf die Gesichter scharf stellen und der Sensor folgt \u00a0im besten Falle &#8230; wenn es nicht zu sehr wackelt.<\/div>\n<div style=\"text-align: justify;\"><\/div>\n<div style=\"text-align: justify;\">Im Prinzip ist das der Nachweis f\u00fcr das &#8220;Last Camera Syndrom&#8221; &#8211; Technologie ist inzwischen einfach gut genug, um hin und wieder einen Versionssprung auszulassen. Das ist sicher ein weiteres Problem der Kameraindustrie.<\/div>\n<div style=\"text-align: justify;\"><\/div>\n<div style=\"text-align: justify;\"><\/div>\n","protected":false},"excerpt":{"rendered":"<p>D810 vers D800 &#8211; 35MP Zweite D800 vor einer Woche eingetrudelt. Um etwas flexibler zu werden, hatte ich mal eine zweite D800 geordert. Im Prinzip greife ich nur noch zur D800 und meine D3 ist eigentlich das Backup geworden. Der Unterschied im Post ist enorm. * * Bei den aktuellen Preisen f\u00fcr neuwertige D800 Bodys ist diese Kamera ein absoluter&#46;&#46;&#46;<\/p>\n","protected":false},"author":3,"featured_media":0,"parent":5060,"menu_order":4,"comment_status":"closed","ping_status":"closed","template":"","meta":{"footnotes":""},"class_list":["post-5978","page","type-page","status-publish","hentry"],"_links":{"self":[{"href":"https:\/\/www.sailpower.de\/index.php?rest_route=\/wp\/v2\/pages\/5978","targetHints":{"allow":["GET"]}}],"collection":[{"href":"https:\/\/www.sailpower.de\/index.php?rest_route=\/wp\/v2\/pages"}],"about":[{"href":"https:\/\/www.sailpower.de\/index.php?rest_route=\/wp\/v2\/types\/page"}],"author":[{"embeddable":true,"href":"https:\/\/www.sailpower.de\/index.php?rest_route=\/wp\/v2\/users\/3"}],"replies":[{"embeddable":true,"href":"https:\/\/www.sailpower.de\/index.php?rest_route=%2Fwp%2Fv2%2Fcomments&post=5978"}],"version-history":[{"count":2,"href":"https:\/\/www.sailpower.de\/index.php?rest_route=\/wp\/v2\/pages\/5978\/revisions"}],"predecessor-version":[{"id":7369,"href":"https:\/\/www.sailpower.de\/index.php?rest_route=\/wp\/v2\/pages\/5978\/revisions\/7369"}],"up":[{"embeddable":true,"href":"https:\/\/www.sailpower.de\/index.php?rest_route=\/wp\/v2\/pages\/5060"}],"wp:attachment":[{"href":"https:\/\/www.sailpower.de\/index.php?rest_route=%2Fwp%2Fv2%2Fmedia&parent=5978"}],"curies":[{"name":"wp","href":"https:\/\/api.w.org\/{rel}","templated":true}]}}