{"id":5364,"date":"2016-06-20T19:39:52","date_gmt":"2016-06-20T17:39:52","guid":{"rendered":"http:\/\/soerenhese.de\/sailpower-blog\/?page_id=5364"},"modified":"2026-02-23T16:28:57","modified_gmt":"2026-02-23T14:28:57","slug":"impressum","status":"publish","type":"page","link":"https:\/\/www.sailpower.de\/?page_id=5364","title":{"rendered":"Impressum"},"content":{"rendered":"<h1>Impressum<\/h1>\n<h2>Angaben gem\u00e4\u00df \u00a7 5 TMG:<\/h2>\n<p>S\u00f6ren Hese<br \/>\nS\u00f6ren Hese Photography<br \/>\nStubenrauchstr. 9<br \/>\n14167 Berlin<\/p>\n<p>UAV LBA Registrierung und\u00a0Pilotenlizenzen:<\/p>\n<ul>\n<li><span class=\"medium\">LBA Fernpiloten-ID: DEU-RP-159kpeu9z09j,\u00a0<\/span><\/li>\n<li><span class=\"medium\">LBA Betreiber-eID: <\/span>DEU3ex81106w94oh,<\/li>\n<li><span class=\"medium\">EU Kompetenznachweis A1\/A3, A2, STS<\/span><\/li>\n<\/ul>\n<h2>Kontakt und verantwortlich f\u00fcr den<br \/>\nInhalt nach \u00a7 55 Abs. 2 RStV:<\/h2>\n<p>Dr. S\u00f6ren Hese, \u00a0Telefon ++49 01793246766, info@soerenhese.de<\/p>\n<p>14167<br \/>\nBERLIN<\/p>\n<h2>Streitschlichtung<\/h2>\n<p>Die Europ\u00e4ische Kommission stellt eine Plattform zur<br \/>\nOnline-Streitbeilegung (OS) bereit: <a href=\"https:\/\/ec.europa.eu\/consumers\/odr\" target=\"_blank\" rel=\"noopener\">https:\/\/ec.europa.eu\/consumers\/odr<\/a><br \/>\nUnsere E-Mail-Adresse finden Sie oben im Impressum.<\/p>\n<h2>Haftung f\u00fcr Inhalte<\/h2>\n<p>Als Diensteanbieter sind wir gem\u00e4\u00df \u00a7 7 Abs.1 TMG f\u00fcr eigene Inhalte auf diesen Seiten<br \/>\nnach den allgemeinen Gesetzen verantwortlich. Nach \u00a7\u00a7 8 bis 10 TMG sind wir als<br \/>\nDiensteanbieter jedoch nicht verpflichtet, \u00fcbermittelte oder gespeicherte fremde Informationen zu<br \/>\n\u00fcberwachen oder nach Umst\u00e4nden zu forschen, die auf eine rechtswidrige T\u00e4tigkeit<br \/>\nhinweisen.<\/p>\n<p>Verpflichtungen zur Entfernung oder Sperrung der Nutzung von Informationen nach<br \/>\nden allgemeinen Gesetzen bleiben hiervon unber\u00fchrt. Eine diesbez\u00fcgliche Haftung ist jedoch<br \/>\nerst ab dem Zeitpunkt der Kenntnis einer konkreten Rechtsverletzung m\u00f6glich. Bei Bekanntwerden<br \/>\nvon entsprechenden Rechtsverletzungen werden wir diese Inhalte umgehend entfernen.<\/p>\n<h2>Haftung f\u00fcr Links<\/h2>\n<p>Unser Angebot enth\u00e4lt Links zu externen Websites Dritter, auf<br \/>\nderen Inhalte wir keinen Einfluss haben. Deshalb k\u00f6nnen wir f\u00fcr diese fremden Inhalte auch<br \/>\nkeine Gew\u00e4hr \u00fcbernehmen. F\u00fcr die Inhalte der verlinkten Seiten ist stets der jeweilige<br \/>\nAnbieter oder Betreiber der Seiten verantwortlich. Die verlinkten Seiten wurden zum Zeitpunkt der<br \/>\nVerlinkung auf m\u00f6gliche Rechtsverst\u00f6\u00dfe \u00fcberpr\u00fcft. Rechtswidrige Inhalte<br \/>\nwaren zum Zeitpunkt der Verlinkung nicht erkennbar.<\/p>\n<p>Eine permanente inhaltliche Kontrolle der<br \/>\nverlinkten Seiten ist jedoch ohne konkrete Anhaltspunkte einer Rechtsverletzung nicht zumutbar. Bei<br \/>\nBekanntwerden von Rechtsverletzungen werden wir derartige Links umgehend entfernen.<\/p>\n<h2>Urheberrecht<\/h2>\n<p>Die durch die Seitenbetreiber erstellten Inhalte und Werke auf diesen Seiten<br \/>\nunterliegen dem deutschen Urheberrecht. Die Vervielf\u00e4ltigung, Bearbeitung, Verbreitung und jede<br \/>\nArt der Verwertung au\u00dferhalb der Grenzen des Urheberrechtes bed\u00fcrfen der schriftlichen<br \/>\nZustimmung des jeweiligen Autors bzw. Erstellers. Downloads und Kopien dieser Seite sind nur f\u00fcr<br \/>\nden privaten, nicht kommerziellen Gebrauch gestattet.<\/p>\n<p>Soweit die Inhalte auf dieser Seite nicht<br \/>\nvom Betreiber erstellt wurden, werden die Urheberrechte Dritter beachtet. Insbesondere werden Inhalte<br \/>\nDritter als solche gekennzeichnet. Sollten Sie trotzdem auf eine Urheberrechtsverletzung aufmerksam<br \/>\nwerden, bitten wir um einen entsprechenden Hinweis. Bei Bekanntwerden von Rechtsverletzungen<br \/>\nwerden wir derartige Inhalte umgehend entfernen.<\/p>\n<p>Quelle: <a href=\"https:\/\/www.erecht24. de\/\">https:\/\/www.e-recht24.de\/<\/a><\/p>\n","protected":false},"excerpt":{"rendered":"<p>Impressum Angaben gem\u00e4\u00df \u00a7 5 TMG: S\u00f6ren Hese S\u00f6ren Hese Photography Stubenrauchstr. 9 14167 Berlin UAV LBA Registrierung und\u00a0Pilotenlizenzen: LBA Fernpiloten-ID: DEU-RP-159kpeu9z09j,\u00a0 LBA Betreiber-eID: DEU3ex81106w94oh, EU Kompetenznachweis A1\/A3, A2, STS Kontakt und verantwortlich f\u00fcr den Inhalt nach \u00a7 55 Abs. 2 RStV: Dr. S\u00f6ren Hese, \u00a0Telefon ++49 01793246766, info@soerenhese.de 14167 BERLIN Streitschlichtung Die Europ\u00e4ische Kommission stellt eine Plattform zur Online-Streitbeilegung&#46;&#46;&#46;<\/p>\n","protected":false},"author":3,"featured_media":0,"parent":0,"menu_order":5,"comment_status":"closed","ping_status":"closed","template":"","meta":{"footnotes":""},"class_list":["post-5364","page","type-page","status-publish","hentry"],"_links":{"self":[{"href":"https:\/\/www.sailpower.de\/index.php?rest_route=\/wp\/v2\/pages\/5364","targetHints":{"allow":["GET"]}}],"collection":[{"href":"https:\/\/www.sailpower.de\/index.php?rest_route=\/wp\/v2\/pages"}],"about":[{"href":"https:\/\/www.sailpower.de\/index.php?rest_route=\/wp\/v2\/types\/page"}],"author":[{"embeddable":true,"href":"https:\/\/www.sailpower.de\/index.php?rest_route=\/wp\/v2\/users\/3"}],"replies":[{"embeddable":true,"href":"https:\/\/www.sailpower.de\/index.php?rest_route=%2Fwp%2Fv2%2Fcomments&post=5364"}],"version-history":[{"count":16,"href":"https:\/\/www.sailpower.de\/index.php?rest_route=\/wp\/v2\/pages\/5364\/revisions"}],"predecessor-version":[{"id":13143,"href":"https:\/\/www.sailpower.de\/index.php?rest_route=\/wp\/v2\/pages\/5364\/revisions\/13143"}],"wp:attachment":[{"href":"https:\/\/www.sailpower.de\/index.php?rest_route=%2Fwp%2Fv2%2Fmedia&parent=5364"}],"curies":[{"name":"wp","href":"https:\/\/api.w.org\/{rel}","templated":true}]}}