{"id":10971,"date":"2022-02-19T17:32:50","date_gmt":"2022-02-19T15:32:50","guid":{"rendered":"https:\/\/www.sailpower.de\/?page_id=10971"},"modified":"2022-02-19T17:32:50","modified_gmt":"2022-02-19T15:32:50","slug":"classic-sailing-2018-calendar","status":"publish","type":"page","link":"https:\/\/www.sailpower.de\/?page_id=10971","title":{"rendered":"Classic Sailing 2018 Calendar"},"content":{"rendered":"<p style=\"text-align: justify;\">Erstmalig gibt es aus meiner Feder einen Klassiker Segel-Kalender, limitierte Auflage in hoher Qualit\u00e4t mit den absoluten Bilder-Highlights der Segelsaison 2017, 14 Seiten auf 200\/300g Papier in B3 Format, im Offset-Druck mit dezent &amp; edel gestaltetem dunklem Kalendarium (mit Bildinformationen und \u201eMakingOf&#8221;) in mattem Finish f\u00fcr 34,95 + Versandkosten. Ein perfektes, wertiges Geschenk. Bei Bestellung von 3 Kalendern auch versandkostenfrei.<\/p>\n<div class=\"\" style=\"text-align: justify;\">Versand ab Dezember. Abholung f\u00fcr Berliner ebenfalls m\u00f6glich. Vorbestellungen per Email ab sofort.<\/div>\n<div class=\"\" style=\"text-align: justify;\">Mehr Informationen und vollst\u00e4ndige Seitenvorschau JETZT&nbsp;&nbsp;auf <a href=\"http:\/\/www.segelkalender.com\">http:\/\/www.segelkalender.com<\/a><\/div>\n<div class=\"\" style=\"text-align: center;\">&nbsp;*<\/div>\n<div class=\"\" style=\"text-align: justify;\"><\/div>\n<div class=\"\" style=\"text-align: justify;\"><\/div>\n<div class=\"\"><a href=\"http:\/\/soerenhese.de\/sailpower-blog\/wp-content\/uploads\/2017\/11\/KalenderVorschau2018.jpg\"><img loading=\"lazy\" decoding=\"async\" class=\"size-large wp-image-6974 aligncenter\" src=\"http:\/\/soerenhese.de\/sailpower-blog\/wp-content\/uploads\/2017\/11\/KalenderVorschau2018-707x1024.jpg\" alt=\"KalenderVorschau2018\" width=\"670\" height=\"970\" srcset=\"https:\/\/www.sailpower.de\/wp-content\/uploads\/2017\/11\/KalenderVorschau2018.jpg 707w, https:\/\/www.sailpower.de\/wp-content\/uploads\/2017\/11\/KalenderVorschau2018-207x300.jpg 207w\" sizes=\"auto, (max-width: 670px) 100vw, 670px\" \/><\/a><\/div>\n<div class=\"\" style=\"text-align: center;\"><\/div>\n<div class=\"\" style=\"text-align: center;\"><a href=\"http:\/\/soerenhese.de\/sailpower-blog\/wp-content\/uploads\/2017\/11\/KalendariumPreview5.jpg\">&nbsp;<\/a><\/div>\n<p style=\"text-align: center;\">Einige Beispiele des aufw\u00e4ndig gelayoutet Kalendariums (<a href=\"http:\/\/www.ingatomann.de\">inga&nbsp;tomann kommunikationsdesign<\/a> Berlin):<\/p>\n<p style=\"text-align: center;\"><a href=\"http:\/\/soerenhese.de\/sailpower-blog\/wp-content\/uploads\/2017\/11\/171117_Segel-Wandkalender_B3_Vorschau_Seite_10.jpg\"><img loading=\"lazy\" decoding=\"async\" class=\"aligncenter size-full wp-image-6996\" src=\"http:\/\/soerenhese.de\/sailpower-blog\/wp-content\/uploads\/2017\/11\/171117_Segel-Wandkalender_B3_Vorschau_Seite_10.jpg\" alt=\"171117_Segel-Wandkalender_B3_Vorschau_Seite_10\" width=\"800\" height=\"555\" srcset=\"https:\/\/www.sailpower.de\/wp-content\/uploads\/2017\/11\/171117_Segel-Wandkalender_B3_Vorschau_Seite_10.jpg 800w, https:\/\/www.sailpower.de\/wp-content\/uploads\/2017\/11\/171117_Segel-Wandkalender_B3_Vorschau_Seite_10-300x208.jpg 300w, https:\/\/www.sailpower.de\/wp-content\/uploads\/2017\/11\/171117_Segel-Wandkalender_B3_Vorschau_Seite_10-768x533.jpg 768w\" sizes=\"auto, (max-width: 800px) 100vw, 800px\" \/><\/a><\/p>\n<p style=\"text-align: center;\">Beispiel Kalenderblatt mit neutral eingefasstem Bildfeld und die Bildwirkung unterst\u00fctzende zur\u00fcckhaltend abget\u00f6nten Kalendariumselementen. Aufl\u00f6sung des Bildfeldes ist hier als Demo-Abbildung stark reduziert.<\/p>\n<p style=\"text-align: center;\"><a href=\"http:\/\/soerenhese.de\/sailpower-blog\/wp-content\/uploads\/2017\/11\/KalendariumPreview5.jpg\"><img loading=\"lazy\" decoding=\"async\" class=\"wp-image-6983 aligncenter\" src=\"http:\/\/soerenhese.de\/sailpower-blog\/wp-content\/uploads\/2017\/11\/KalendariumPreview5.jpg\" alt=\"KalendariumPreview5\" width=\"577\" height=\"153\"><\/a><\/p>\n<p style=\"text-align: center;\">Linksb\u00fcndig alle Feiertage der Bundesl\u00e4nder, Mondphasenkalender und Kalenderwochennummerierung.<\/p>\n<p style=\"text-align: center;\"><a href=\"http:\/\/soerenhese.de\/sailpower-blog\/wp-content\/uploads\/2017\/11\/KalendariumPreview6.jpg\"><img loading=\"lazy\" decoding=\"async\" class=\"size-large wp-image-6984 alignnone\" src=\"http:\/\/soerenhese.de\/sailpower-blog\/wp-content\/uploads\/2017\/11\/KalendariumPreview6.jpg\" alt=\"KalendariumPreview6\" width=\"553\" height=\"137\" srcset=\"https:\/\/www.sailpower.de\/wp-content\/uploads\/2017\/11\/KalendariumPreview6.jpg 553w, https:\/\/www.sailpower.de\/wp-content\/uploads\/2017\/11\/KalendariumPreview6-300x74.jpg 300w\" sizes=\"auto, (max-width: 553px) 100vw, 553px\" \/><\/a><\/p>\n<p style=\"text-align: center;\">Bildunterschriften mit Details zur Bildaufnahmetechnik und\/oder&nbsp;der abgebildeten Yachten mit Werft und Baujahr.<\/p>\n<p style=\"text-align: center;\"><a href=\"http:\/\/soerenhese.de\/sailpower-blog\/wp-content\/uploads\/2017\/11\/KalendariumPreview7.jpg\"><img loading=\"lazy\" decoding=\"async\" class=\"wp-image-6985 alignnone\" src=\"http:\/\/soerenhese.de\/sailpower-blog\/wp-content\/uploads\/2017\/11\/KalendariumPreview7.jpg\" alt=\"KalendariumPreview7\" width=\"677\" height=\"151\"><\/a><\/p>\n<p style=\"text-align: center;\">Letzte Seite (Seite 14): Legende zum Kalendarium auf einer Bonus-Seite unter einem &#8220;MakingOf&#8221;-Text mit vielen Hintergrundinfos zu den Fotos und Aufnahmetechniken. Au\u00dferdem gibt es hier einige zus\u00e4tzliche Beispielfotos.<\/p>\n<p style=\"text-align: center;\">Bestellung per Email an <a href=\"mailto:info@soerenhese.de\">info@soerenhese.de<\/a> oder online unter <a href=\"http:\/\/www.segelkalender.com\">http:\/\/www.segelkalender.com&nbsp;<\/a><\/p>\n<p><a href=\"http:\/\/soerenhese.de\/sailpower-blog\/wp-content\/uploads\/2017\/11\/Logo_ingatomann1.jpg\" target=\"_blank\" rel=\"http:\/\/www.ingatomann.de noopener\"><img loading=\"lazy\" decoding=\"async\" class=\"alignnone wp-image-6987 size-full\" src=\"http:\/\/soerenhese.de\/sailpower-blog\/wp-content\/uploads\/2017\/11\/Logo_ingatomann1.jpg\" alt=\"Druck\" width=\"173\" height=\"99\"><\/a><\/p>\n<p>&nbsp;<\/p>\n","protected":false},"excerpt":{"rendered":"<p>Erstmalig gibt es aus meiner Feder einen Klassiker Segel-Kalender, limitierte Auflage in hoher Qualit\u00e4t mit den absoluten Bilder-Highlights der Segelsaison 2017, 14 Seiten auf 200\/300g Papier in B3 Format, im Offset-Druck mit dezent &amp; edel gestaltetem dunklem Kalendarium (mit Bildinformationen und \u201eMakingOf&#8221;) in mattem Finish f\u00fcr 34,95 + Versandkosten. Ein perfektes, wertiges Geschenk. Bei Bestellung von 3 Kalendern auch versandkostenfrei.&#46;&#46;&#46;<\/p>\n","protected":false},"author":3,"featured_media":0,"parent":0,"menu_order":0,"comment_status":"closed","ping_status":"closed","template":"","meta":{"footnotes":""},"class_list":["post-10971","page","type-page","status-publish","hentry"],"_links":{"self":[{"href":"https:\/\/www.sailpower.de\/index.php?rest_route=\/wp\/v2\/pages\/10971","targetHints":{"allow":["GET"]}}],"collection":[{"href":"https:\/\/www.sailpower.de\/index.php?rest_route=\/wp\/v2\/pages"}],"about":[{"href":"https:\/\/www.sailpower.de\/index.php?rest_route=\/wp\/v2\/types\/page"}],"author":[{"embeddable":true,"href":"https:\/\/www.sailpower.de\/index.php?rest_route=\/wp\/v2\/users\/3"}],"replies":[{"embeddable":true,"href":"https:\/\/www.sailpower.de\/index.php?rest_route=%2Fwp%2Fv2%2Fcomments&post=10971"}],"version-history":[{"count":1,"href":"https:\/\/www.sailpower.de\/index.php?rest_route=\/wp\/v2\/pages\/10971\/revisions"}],"predecessor-version":[{"id":10972,"href":"https:\/\/www.sailpower.de\/index.php?rest_route=\/wp\/v2\/pages\/10971\/revisions\/10972"}],"wp:attachment":[{"href":"https:\/\/www.sailpower.de\/index.php?rest_route=%2Fwp%2Fv2%2Fmedia&parent=10971"}],"curies":[{"name":"wp","href":"https:\/\/api.w.org\/{rel}","templated":true}]}}